{"id":255,"date":"2025-05-02T19:24:12","date_gmt":"2025-05-02T19:24:12","guid":{"rendered":"https:\/\/mysterystreets.com\/?page_id=255"},"modified":"2025-05-06T18:22:39","modified_gmt":"2025-05-06T18:22:39","slug":"teamevent","status":"publish","type":"page","link":"https:\/\/mysterystreets.com\/fr\/teamevent\/","title":{"rendered":"Teamevent"},"content":{"rendered":"<div data-elementor-type=\"wp-page\" data-elementor-id=\"255\" class=\"elementor elementor-255\" data-elementor-post-type=\"page\">\n\t\t\t\t\t\t<section class=\"elementor-section elementor-top-section elementor-element elementor-element-a3d249f elementor-section-full_width elementor-section-stretched elementor-section-height-default elementor-section-height-default\" data-id=\"a3d249f\" data-element_type=\"section\" data-e-type=\"section\" data-settings=\"{&quot;stretch_section&quot;:&quot;section-stretched&quot;,&quot;background_background&quot;:&quot;classic&quot;}\">\n\t\t\t\t\t\t\t<div class=\"elementor-background-overlay\"><\/div>\n\t\t\t\t\t\t\t<div class=\"elementor-container elementor-column-gap-default\">\n\t\t\t\t\t<div class=\"elementor-column elementor-col-100 elementor-top-column elementor-element elementor-element-a00ee37\" data-id=\"a00ee37\" data-element_type=\"column\" data-e-type=\"column\">\n\t\t\t<div class=\"elementor-widget-wrap elementor-element-populated\">\n\t\t\t\t\t\t<section class=\"elementor-section elementor-inner-section elementor-element elementor-element-7977bcf elementor-section-boxed elementor-section-height-default elementor-section-height-default\" data-id=\"7977bcf\" data-element_type=\"section\" data-e-type=\"section\">\n\t\t\t\t\t\t<div class=\"elementor-container elementor-column-gap-default\">\n\t\t\t\t\t<div class=\"elementor-column elementor-col-50 elementor-inner-column elementor-element elementor-element-5fbd650\" data-id=\"5fbd650\" data-element_type=\"column\" data-e-type=\"column\">\n\t\t\t<div class=\"elementor-widget-wrap elementor-element-populated\">\n\t\t\t\t\t\t<div class=\"elementor-element elementor-element-b161052 elementor-widget elementor-widget-heading\" data-id=\"b161052\" data-element_type=\"widget\" data-e-type=\"widget\" data-widget_type=\"heading.default\">\n\t\t\t\t<div class=\"elementor-widget-container\">\n\t\t\t\t\t<h2 class=\"elementor-heading-title elementor-size-large\">Ihr wollt ein individuell auf euer Team oder Firmenevent zugeschnittenes Abenteuer?\n<\/h2>\t\t\t\t<\/div>\n\t\t\t\t<\/div>\n\t\t\t\t<div class=\"elementor-element elementor-element-da54366 elementor-widget elementor-widget-heading\" data-id=\"da54366\" data-element_type=\"widget\" data-e-type=\"widget\" data-widget_type=\"heading.default\">\n\t\t\t\t<div class=\"elementor-widget-container\">\n\t\t\t\t\t<p class=\"elementor-heading-title elementor-size-default\">Wir gestalten eure exklusive R\u00e4tseljagd \u2013 perfekt abgestimmt auf Anlass, Gruppengr\u00f6\u00dfe und Wunsch-Stadt.\n<\/p>\t\t\t\t<\/div>\n\t\t\t\t<\/div>\n\t\t\t\t<div class=\"elementor-element elementor-element-64f7941 elementor-widget elementor-widget-heading\" data-id=\"64f7941\" data-element_type=\"widget\" data-e-type=\"widget\" data-widget_type=\"heading.default\">\n\t\t\t\t<div class=\"elementor-widget-container\">\n\t\t\t\t\t<p class=\"elementor-heading-title elementor-size-default\">\u2b50\ufe0f\u2b50\ufe0f\u2b50\ufe0f\u2b50\ufe0f\u2b50\ufe0f 4.7 \/ 5.0\nBasierend auf 45.248 verifizierten Bewertungen\nFinde deine Stadt &amp; starte dein Abenteuer\n<\/p>\t\t\t\t<\/div>\n\t\t\t\t<\/div>\n\t\t\t\t<div class=\"elementor-element elementor-element-549733d elementor-widget elementor-widget-button\" data-id=\"549733d\" data-element_type=\"widget\" data-e-type=\"widget\" data-widget_type=\"button.default\">\n\t\t\t\t<div class=\"elementor-widget-container\">\n\t\t\t\t\t\t\t\t\t<div class=\"elementor-button-wrapper\">\n\t\t\t\t\t<a class=\"elementor-button elementor-button-link elementor-size-sm\" href=\"https:\/\/mysterystreets.com\/fr\/kontakt\/\">\n\t\t\t\t\t\t<span class=\"elementor-button-content-wrapper\">\n\t\t\t\t\t\t\t\t\t<span class=\"elementor-button-text\">Unverbindlich anfragen<\/span>\n\t\t\t\t\t<\/span>\n\t\t\t\t\t<\/a>\n\t\t\t\t<\/div>\n\t\t\t\t\t\t\t\t<\/div>\n\t\t\t\t<\/div>\n\t\t\t\t\t<\/div>\n\t\t<\/div>\n\t\t\t\t<div class=\"elementor-column elementor-col-50 elementor-inner-column elementor-element elementor-element-2748be2\" data-id=\"2748be2\" data-element_type=\"column\" data-e-type=\"column\">\n\t\t\t<div class=\"elementor-widget-wrap\">\n\t\t\t\t\t\t\t<\/div>\n\t\t<\/div>\n\t\t\t\t\t<\/div>\n\t\t<\/section>\n\t\t\t\t\t<\/div>\n\t\t<\/div>\n\t\t\t\t\t<\/div>\n\t\t<\/section>\n\t\t<div class=\"elementor-element elementor-element-0af6c8f e-flex e-con-boxed e-con e-parent\" data-id=\"0af6c8f\" data-element_type=\"container\" data-e-type=\"container\">\n\t\t\t\t\t<div class=\"e-con-inner\">\n\t\t\t\t<div class=\"elementor-element elementor-element-b9874ea elementor-widget elementor-widget-listeo-headline\" data-id=\"b9874ea\" data-element_type=\"widget\" data-e-type=\"widget\" data-widget_type=\"listeo-headline.default\">\n\t\t\t\t<div class=\"elementor-widget-container\">\n\t\t\t\t\t\t\t<h3 \n\t\tstyle=\"text-align:center;\" class=\"headline  headline-aligned-to-center headline-extra-spacing headline-box  headline-with-subtitle\"> Warum MysteryStreets perfekt f\u00fcrs Teambuilding sind  <span > Bei MysteryStreets geht es nicht nur ums R\u00e4tsell\u00f6sen, sondern vor allem um Kommunikation, Zusammenarbeit und gemeinsames Entscheiden. So wachsen Teams spielerisch zusammen \u2013 ganz ohne steifes Seminar-Flair.<\/span><\/h3>\n\t\t\t\t\t\t<\/div>\n\t\t\t\t<\/div>\n\t\t\t\t\t<\/div>\n\t\t\t\t<\/div>\n\t\t\t\t<section class=\"elementor-section elementor-top-section elementor-element elementor-element-a28af9c elementor-section-stretched elementor-section-boxed elementor-section-height-default elementor-section-height-default\" data-id=\"a28af9c\" data-element_type=\"section\" data-e-type=\"section\" data-settings=\"{&quot;stretch_section&quot;:&quot;section-stretched&quot;}\">\n\t\t\t\t\t\t<div class=\"elementor-container elementor-column-gap-default\">\n\t\t\t\t\t<div class=\"elementor-column elementor-col-50 elementor-top-column elementor-element elementor-element-240817c\" data-id=\"240817c\" data-element_type=\"column\" data-e-type=\"column\">\n\t\t\t<div class=\"elementor-widget-wrap elementor-element-populated\">\n\t\t\t\t\t\t<div class=\"elementor-element elementor-element-8d01a01 elementor-widget elementor-widget-listeo-headline\" data-id=\"8d01a01\" data-element_type=\"widget\" data-e-type=\"widget\" data-widget_type=\"listeo-headline.default\">\n\t\t\t\t<div class=\"elementor-widget-container\">\n\t\t\t\t\t\t\t<h3 \n\t\tstyle=\"text-align:left;\" class=\"headline  headline-aligned-to-left  headline-box\"> So l\u00e4uft\u2019s ab <\/h3>\n\t\t\t\t\t\t<\/div>\n\t\t\t\t<\/div>\n\t\t\t\t<div class=\"elementor-element elementor-element-d16a8ef elementor-widget elementor-widget-listeo-iconbox\" data-id=\"d16a8ef\" data-element_type=\"widget\" data-e-type=\"widget\" data-widget_type=\"listeo-iconbox.default\">\n\t\t\t\t<div class=\"elementor-widget-container\">\n\t\t\t\t\t\t\t\t<a href=\"https:\/\/listeo.pro\/add-listing\/\" class=\"icon-box-v3\">\n\t\t\t\t<div class=\"ibv3-icon\">\n\t\t\t\t\t<i aria-hidden=\"true\" class=\"fas fa-ticket-alt\"><\/i>\t\t\t\t<\/div>\n\t\t\t\t<div class=\"ibv3-content\">\n\t\t\t\t\t<h4>01. Unverbindlich anfragen<\/h4>\n\t\t\t\t\t<p>Teilt uns eure W\u00fcnsche mit \u2013 z.\u202fB. Anlass, Teamgr\u00f6\u00dfe und Wunsch-Stadt.\n\n<\/p>\n\t\t\t\t<\/div>\n\t\t\t<\/a>\n\t\t\t\t\t\t<\/div>\n\t\t\t\t<\/div>\n\t\t\t\t<div class=\"elementor-element elementor-element-683ac86 elementor-widget elementor-widget-listeo-iconbox\" data-id=\"683ac86\" data-element_type=\"widget\" data-e-type=\"widget\" data-widget_type=\"listeo-iconbox.default\">\n\t\t\t\t<div class=\"elementor-widget-container\">\n\t\t\t\t\t\t\t\t<a href=\"https:\/\/listeo.pro\/add-listing\/\" class=\"icon-box-v3\">\n\t\t\t\t<div class=\"ibv3-icon\">\n\t\t\t\t\t<i aria-hidden=\"true\" class=\"fas fa-street-view\"><\/i>\t\t\t\t<\/div>\n\t\t\t\t<div class=\"ibv3-content\">\n\t\t\t\t\t<h4>02. Wir entwickeln Ideen<\/h4>\n\t\t\t\t\t<p>Ihr erhaltet von uns spannende Vorschl\u00e4ge inklusive unverbindlichem Angebot.\n\n<\/p>\n\t\t\t\t<\/div>\n\t\t\t<\/a>\n\t\t\t\t\t\t<\/div>\n\t\t\t\t<\/div>\n\t\t\t\t<div class=\"elementor-element elementor-element-e7c26cb elementor-widget elementor-widget-listeo-iconbox\" data-id=\"e7c26cb\" data-element_type=\"widget\" data-e-type=\"widget\" data-widget_type=\"listeo-iconbox.default\">\n\t\t\t\t<div class=\"elementor-widget-container\">\n\t\t\t\t\t\t\t\t<a href=\"https:\/\/listeo.pro\/add-listing\/\" class=\"icon-box-v3\">\n\t\t\t\t<div class=\"ibv3-icon\">\n\t\t\t\t\t<i aria-hidden=\"true\" class=\"fas fa-hourglass-start\"><\/i>\t\t\t\t<\/div>\n\t\t\t\t<div class=\"ibv3-content\">\n\t\t\t\t\t<h4>03. Schnell umgesetzt<\/h4>\n\t\t\t\t\t<p>Wir integrieren euer individuelles Event in unsere App \u2013 professionell & z\u00fcgig.\n\n\n\n<\/p>\n\t\t\t\t<\/div>\n\t\t\t<\/a>\n\t\t\t\t\t\t<\/div>\n\t\t\t\t<\/div>\n\t\t\t\t<div class=\"elementor-element elementor-element-c019949 elementor-widget elementor-widget-listeo-iconbox\" data-id=\"c019949\" data-element_type=\"widget\" data-e-type=\"widget\" data-widget_type=\"listeo-iconbox.default\">\n\t\t\t\t<div class=\"elementor-widget-container\">\n\t\t\t\t\t\t\t\t<a href=\"https:\/\/listeo.pro\/add-listing\/\" class=\"icon-box-v3\">\n\t\t\t\t<div class=\"ibv3-icon\">\n\t\t\t\t\t<i aria-hidden=\"true\" class=\"fas fa-city\"><\/i>\t\t\t\t<\/div>\n\t\t\t\t<div class=\"ibv3-content\">\n\t\t\t\t\t<h4>04. Abenteuer starten<\/h4>\n\t\t\t\t\t<p>Los geht\u2019s! Ihr erlebt euer ma\u00dfgeschneidertes Teamevent genau so, wie ihr es euch vorgestellt habt.\n\n\n\n<\/p>\n\t\t\t\t<\/div>\n\t\t\t<\/a>\n\t\t\t\t\t\t<\/div>\n\t\t\t\t<\/div>\n\t\t\t\t<div class=\"elementor-element elementor-element-f3f3f4f elementor-widget elementor-widget-button\" data-id=\"f3f3f4f\" data-element_type=\"widget\" data-e-type=\"widget\" data-widget_type=\"button.default\">\n\t\t\t\t<div class=\"elementor-widget-container\">\n\t\t\t\t\t\t\t\t\t<div class=\"elementor-button-wrapper\">\n\t\t\t\t\t<a class=\"elementor-button elementor-button-link elementor-size-sm\" href=\"https:\/\/mysterystreets.com\/fr\/kontakt\/\">\n\t\t\t\t\t\t<span class=\"elementor-button-content-wrapper\">\n\t\t\t\t\t\t\t\t\t<span class=\"elementor-button-text\">Unverbindlich anfragen<\/span>\n\t\t\t\t\t<\/span>\n\t\t\t\t\t<\/a>\n\t\t\t\t<\/div>\n\t\t\t\t\t\t\t\t<\/div>\n\t\t\t\t<\/div>\n\t\t\t\t\t<\/div>\n\t\t<\/div>\n\t\t\t\t<div class=\"elementor-column elementor-col-50 elementor-top-column elementor-element elementor-element-ff5d67b\" data-id=\"ff5d67b\" data-element_type=\"column\" data-e-type=\"column\" data-settings=\"{&quot;background_background&quot;:&quot;classic&quot;}\">\n\t\t\t<div class=\"elementor-widget-wrap elementor-element-populated\">\n\t\t\t\t\t\t<div class=\"elementor-element elementor-element-90d3975 elementor-widget elementor-widget-spacer\" data-id=\"90d3975\" data-element_type=\"widget\" data-e-type=\"widget\" data-widget_type=\"spacer.default\">\n\t\t\t\t<div class=\"elementor-widget-container\">\n\t\t\t\t\t\t\t<div class=\"elementor-spacer\">\n\t\t\t<div class=\"elementor-spacer-inner\"><\/div>\n\t\t<\/div>\n\t\t\t\t\t\t<\/div>\n\t\t\t\t<\/div>\n\t\t\t\t\t<\/div>\n\t\t<\/div>\n\t\t\t\t\t<\/div>\n\t\t<\/section>\n\t\t\t\t<\/div>","protected":false},"excerpt":{"rendered":"<p>Ihr wollt ein individuell auf euer Team oder Firmenevent zugeschnittenes Abenteuer? Wir gestalten eure exklusive R\u00e4tseljagd \u2013 perfekt abgestimmt auf Anlass, Gruppengr\u00f6\u00dfe und Wunsch-Stadt. \u2b50\ufe0f\u2b50\ufe0f\u2b50\ufe0f\u2b50\ufe0f\u2b50\ufe0f 4.7 \/ 5.0 Basierend auf 45.248 verifizierten Bewertungen Finde deine Stadt &amp; starte dein Abenteuer Unverbindlich anfragen Warum MysteryStreets perfekt f\u00fcrs Teambuilding sind Bei MysteryStreets geht es nicht nur ums [&hellip;]<\/p>","protected":false},"author":1,"featured_media":0,"parent":0,"menu_order":0,"comment_status":"closed","ping_status":"closed","template":"elementor_header_footer","meta":{"footnotes":""},"class_list":["post-255","page","type-page","status-publish","hentry"],"_links":{"self":[{"href":"https:\/\/mysterystreets.com\/fr\/wp-json\/wp\/v2\/pages\/255","targetHints":{"allow":["GET"]}}],"collection":[{"href":"https:\/\/mysterystreets.com\/fr\/wp-json\/wp\/v2\/pages"}],"about":[{"href":"https:\/\/mysterystreets.com\/fr\/wp-json\/wp\/v2\/types\/page"}],"author":[{"embeddable":true,"href":"https:\/\/mysterystreets.com\/fr\/wp-json\/wp\/v2\/users\/1"}],"replies":[{"embeddable":true,"href":"https:\/\/mysterystreets.com\/fr\/wp-json\/wp\/v2\/comments?post=255"}],"version-history":[{"count":10,"href":"https:\/\/mysterystreets.com\/fr\/wp-json\/wp\/v2\/pages\/255\/revisions"}],"predecessor-version":[{"id":665,"href":"https:\/\/mysterystreets.com\/fr\/wp-json\/wp\/v2\/pages\/255\/revisions\/665"}],"wp:attachment":[{"href":"https:\/\/mysterystreets.com\/fr\/wp-json\/wp\/v2\/media?parent=255"}],"curies":[{"name":"wp","href":"https:\/\/api.w.org\/{rel}","templated":true}]}}